
{"id":4517,"date":"2025-05-15T13:22:51","date_gmt":"2025-05-15T11:22:51","guid":{"rendered":"https:\/\/com-pac.ovh\/preprod2\/produit\/pronovo-shrimps-grano-s\/"},"modified":"2025-06-03T16:02:46","modified_gmt":"2025-06-03T14:02:46","slug":"pronovo-shrimps-grano-s","status":"publish","type":"product","link":"https:\/\/com-pac.ovh\/preprod2\/produit\/pronovo-shrimps-grano-s\/","title":{"rendered":"PRONOVO SHRIMPS GRANO S"},"content":{"rendered":"<p>Alimentation \u00e9quilibr\u00e9e avec des orties en bonus pour de belles couleurs et une croissance saine des crevettes.<br \/>\nLe carot\u00e8ne naturel (astaxanthine) extrait d&#8217;algues spirulines assure une belle coloration, p. ex. des crevettes abeilles.<br \/>\nProportion id\u00e9alement \u00e9quilibr\u00e9e de prot\u00e9ines animales et v\u00e9g\u00e9tales pour une croissance saine et une mue sans probl\u00e8mes.<br \/>\nAliment pr\u00e9biotique coulant pour crustac\u00e9s : les fibres alimentaires sp\u00e9ciales contenues dans l\u2019aliment nourrissent les bact\u00e9ries intestinales positives pour une digestion saine. Contenu : bo\u00eete d&#8217;origine scell\u00e9e, \u00e9tanche \u00e0 l\u2019air et \u00e0 la lumi\u00e8re, recyclable, avec doseur dans le couvercle<\/p>\n","protected":false},"excerpt":{"rendered":"<p>JBL PRONOVO SHRIMPS GRANO S<br \/>\n<small>Aliment de base en granul\u00e9s pour crevettes de 1 \u00e0 20 cm en aquarium<br \/>\n<\/small><\/p>\n","protected":false},"featured_media":5695,"comment_status":"open","ping_status":"closed","template":"","meta":[],"product_brand":[],"product_cat":[84,825],"product_tag":[1555],"class_list":{"0":"post-4517","1":"product","2":"type-product","3":"status-publish","4":"has-post-thumbnail","6":"product_cat-materiel-nourriture","7":"product_cat-nourriture","8":"product_tag-new","9":"pa_contenance-100ml","10":"pa_contenance-250ml","11":"pa_type-de-nourriture-seche-granules","12":"pa_type-de-poissons-crevettes","14":"first","15":"instock","16":"taxable","17":"shipping-taxable","18":"purchasable","19":"product-type-variable"},"acf":[],"_links":{"self":[{"href":"https:\/\/com-pac.ovh\/preprod2\/wp-json\/wp\/v2\/product\/4517","targetHints":{"allow":["GET"]}}],"collection":[{"href":"https:\/\/com-pac.ovh\/preprod2\/wp-json\/wp\/v2\/product"}],"about":[{"href":"https:\/\/com-pac.ovh\/preprod2\/wp-json\/wp\/v2\/types\/product"}],"replies":[{"embeddable":true,"href":"https:\/\/com-pac.ovh\/preprod2\/wp-json\/wp\/v2\/comments?post=4517"}],"wp:featuredmedia":[{"embeddable":true,"href":"https:\/\/com-pac.ovh\/preprod2\/wp-json\/wp\/v2\/media\/5695"}],"wp:attachment":[{"href":"https:\/\/com-pac.ovh\/preprod2\/wp-json\/wp\/v2\/media?parent=4517"}],"wp:term":[{"taxonomy":"product_brand","embeddable":true,"href":"https:\/\/com-pac.ovh\/preprod2\/wp-json\/wp\/v2\/product_brand?post=4517"},{"taxonomy":"product_cat","embeddable":true,"href":"https:\/\/com-pac.ovh\/preprod2\/wp-json\/wp\/v2\/product_cat?post=4517"},{"taxonomy":"product_tag","embeddable":true,"href":"https:\/\/com-pac.ovh\/preprod2\/wp-json\/wp\/v2\/product_tag?post=4517"}],"curies":[{"name":"wp","href":"https:\/\/api.w.org\/{rel}","templated":true}]}}