
{"id":4523,"date":"2025-05-15T13:22:52","date_gmt":"2025-05-15T11:22:52","guid":{"rendered":"https:\/\/com-pac.ovh\/preprod2\/produit\/pterophyllum-scalare\/"},"modified":"2025-06-24T15:04:48","modified_gmt":"2025-06-24T13:04:48","slug":"pterophyllum-scalare","status":"publish","type":"product","link":"https:\/\/com-pac.ovh\/preprod2\/produit\/pterophyllum-scalare\/","title":{"rendered":"Pterophyllum Scalare"},"content":{"rendered":"<p>Pterophyllum Scalare Plus couramment appel\u00e9 scalaire , ce poisson est un cichlid\u00e9 qui n\u00e9cessite un bac spacieux avec une hauteur d&#8217;eau relativement importante (au moins 50cm , 60cm serait mieux).<br \/>\nIl vit en petit groupe ou une hi\u00e9rarchie se mettra en place. D&#8217;un caract\u00e8re assez vif , il se fera respecter en g\u00e9n\u00e9ral sans blessure importante. Peut vivre en bac communautaire si le volume le permet (petit characin par exemple). Le Scalaire ou poisson ange est avec le discus un des poissons d&#8217;aquarium d&#8217;eau douce les plus connus de l&#8217;aquariophilie.<\/p>\n","protected":false},"excerpt":{"rendered":"<p>Pterophyllum Scalare Plus couramment appel\u00e9 scalaire , ce poisson est un cichlid\u00e9 qui n\u00e9cessite un bac spacieux avec une hauteur d&#8217;eau relativement importante (au moins 50cm , 60cm serait mieux). Il vit en petit groupe ou une hi\u00e9rarchie se mettra en place. D&#8217;un caract\u00e8re assez vif , il se fera respecter en g\u00e9n\u00e9ral sans blessure importante. Peut vivre en bac communautaire si le volume le permet (petit characin par exemple). Le Scalaire ou poisson ange est avec le discus un des poissons d&#8217;aquarium d&#8217;eau douce les plus connus de l&#8217;aquariophilie.<\/p>\n","protected":false},"featured_media":5510,"comment_status":"open","ping_status":"closed","template":"","meta":[],"product_brand":[],"product_cat":[82,824],"product_tag":[1555],"class_list":{"0":"post-4523","1":"product","2":"type-product","3":"status-publish","4":"has-post-thumbnail","6":"product_cat-poissons-invertebres","7":"product_cat-poissons-deau-douce","8":"product_tag-new","9":"pa_continent-amerique-du-sud","10":"pa_ph-6-0-7-0-3","11":"pa_taillemaximale-15cm","12":"pa_volumeminimum-300l","14":"first","15":"instock","16":"taxable","17":"shipping-taxable","18":"purchasable","19":"product-type-variable"},"acf":[],"_links":{"self":[{"href":"https:\/\/com-pac.ovh\/preprod2\/wp-json\/wp\/v2\/product\/4523","targetHints":{"allow":["GET"]}}],"collection":[{"href":"https:\/\/com-pac.ovh\/preprod2\/wp-json\/wp\/v2\/product"}],"about":[{"href":"https:\/\/com-pac.ovh\/preprod2\/wp-json\/wp\/v2\/types\/product"}],"replies":[{"embeddable":true,"href":"https:\/\/com-pac.ovh\/preprod2\/wp-json\/wp\/v2\/comments?post=4523"}],"wp:featuredmedia":[{"embeddable":true,"href":"https:\/\/com-pac.ovh\/preprod2\/wp-json\/wp\/v2\/media\/5510"}],"wp:attachment":[{"href":"https:\/\/com-pac.ovh\/preprod2\/wp-json\/wp\/v2\/media?parent=4523"}],"wp:term":[{"taxonomy":"product_brand","embeddable":true,"href":"https:\/\/com-pac.ovh\/preprod2\/wp-json\/wp\/v2\/product_brand?post=4523"},{"taxonomy":"product_cat","embeddable":true,"href":"https:\/\/com-pac.ovh\/preprod2\/wp-json\/wp\/v2\/product_cat?post=4523"},{"taxonomy":"product_tag","embeddable":true,"href":"https:\/\/com-pac.ovh\/preprod2\/wp-json\/wp\/v2\/product_tag?post=4523"}],"curies":[{"name":"wp","href":"https:\/\/api.w.org\/{rel}","templated":true}]}}