
{"id":4525,"date":"2025-05-15T13:22:52","date_gmt":"2025-05-15T11:22:52","guid":{"rendered":"https:\/\/com-pac.ovh\/preprod2\/produit\/puntigrus-tetrazona\/"},"modified":"2025-06-27T10:05:33","modified_gmt":"2025-06-27T08:05:33","slug":"puntigrus-tetrazona","status":"publish","type":"product","link":"https:\/\/com-pac.ovh\/preprod2\/produit\/puntigrus-tetrazona\/","title":{"rendered":"Puntigrus tetrazona"},"content":{"rendered":"<p>Puntigrus tetrazona ou Barbu de Sumatra , poisson tr\u00e8s vif a \u00e9lever en groupe. A ne pas mettre avec des poissons ayant des nageoires importantes ou voile.<br \/>\nTendance forte \u00e0 mordiller les nageoires des autres occupants de l&#8217;aquarium d&#8217;eau douce. Le Barbu de sumatra est originaire d&#8217;Asie et vit en banc.<\/p>\n","protected":false},"excerpt":{"rendered":"<p>Puntigrus tetrazona ou Barbu de Sumatra , poisson tr\u00e8s vif a \u00e9lever en groupe. A ne pas mettre avec des poissons ayant des nageoires importantes ou voile. Tendance forte \u00e0 mordiller les nageoires des autres occupants de l&#8217;aquarium d&#8217;eau douce. Le Barbu de sumatra est originaire d&#8217;Asie et vit en banc.<\/p>\n","protected":false},"featured_media":5503,"comment_status":"open","ping_status":"closed","template":"","meta":[],"product_brand":[],"product_cat":[82,824],"product_tag":[1555],"class_list":{"0":"post-4525","1":"product","2":"type-product","3":"status-publish","4":"has-post-thumbnail","6":"product_cat-poissons-invertebres","7":"product_cat-poissons-deau-douce","8":"product_tag-new","9":"pa_continent-asie","10":"pa_gh-5-15-3","11":"pa_ph-6-0-7-5-4","12":"pa_taillemaximale-7cm","13":"pa_volumeminimum-150l","15":"first","16":"instock","17":"taxable","18":"shipping-taxable","19":"purchasable","20":"product-type-variable"},"acf":[],"_links":{"self":[{"href":"https:\/\/com-pac.ovh\/preprod2\/wp-json\/wp\/v2\/product\/4525","targetHints":{"allow":["GET"]}}],"collection":[{"href":"https:\/\/com-pac.ovh\/preprod2\/wp-json\/wp\/v2\/product"}],"about":[{"href":"https:\/\/com-pac.ovh\/preprod2\/wp-json\/wp\/v2\/types\/product"}],"replies":[{"embeddable":true,"href":"https:\/\/com-pac.ovh\/preprod2\/wp-json\/wp\/v2\/comments?post=4525"}],"wp:featuredmedia":[{"embeddable":true,"href":"https:\/\/com-pac.ovh\/preprod2\/wp-json\/wp\/v2\/media\/5503"}],"wp:attachment":[{"href":"https:\/\/com-pac.ovh\/preprod2\/wp-json\/wp\/v2\/media?parent=4525"}],"wp:term":[{"taxonomy":"product_brand","embeddable":true,"href":"https:\/\/com-pac.ovh\/preprod2\/wp-json\/wp\/v2\/product_brand?post=4525"},{"taxonomy":"product_cat","embeddable":true,"href":"https:\/\/com-pac.ovh\/preprod2\/wp-json\/wp\/v2\/product_cat?post=4525"},{"taxonomy":"product_tag","embeddable":true,"href":"https:\/\/com-pac.ovh\/preprod2\/wp-json\/wp\/v2\/product_tag?post=4525"}],"curies":[{"name":"wp","href":"https:\/\/api.w.org\/{rel}","templated":true}]}}