
{"id":4550,"date":"2025-05-15T13:22:55","date_gmt":"2025-05-15T11:22:55","guid":{"rendered":"https:\/\/com-pac.ovh\/preprod2\/produit\/symphysodon-aequifasciatus-discus\/"},"modified":"2025-06-24T14:51:24","modified_gmt":"2025-06-24T12:51:24","slug":"symphysodon-aequifasciatus-discus","status":"publish","type":"product","link":"https:\/\/com-pac.ovh\/preprod2\/produit\/symphysodon-aequifasciatus-discus\/","title":{"rendered":"Symphysodon Aequifasciatus &#8211; Discus"},"content":{"rendered":"<p>Symphysodon Aequifasciatus, Discus de Heckel ou autrement nomm\u00e9 Le Discus est un cichlid\u00e9 originaire d&#8217;Am\u00e9rique du sud.<br \/>\nSa taille moyenne est de 14 cm et peut aller jusqu&#8217;\u00e0 18 cm. Il peut vivre jusqu&#8217;\u00e0 10 ans si de bonnes conditions de vie sont r\u00e9unies. C&#8217;est un carnivore vivant en couple ou en groupe, il est territorial et vie le jour. Il \u00e9voluera dans un PH assez acide pour une temp\u00e9rature assez \u00e9lev\u00e9. De grosses racines constitueront son habitat de pr\u00e9dilection. il est le poisson roi de l&#8217;aquarium d&#8217;eau douce, il est l&#8217;un des cichlid\u00e9s les plus connus au m\u00eame titre que le scalaire.<\/p>\n","protected":false},"excerpt":{"rendered":"<p>Symphysodon Aequifasciatus, Discus de Heckel ou autrement nomm\u00e9 Le Discus est un cichlid\u00e9 originaire d&#8217;Am\u00e9rique du sud. Sa taille moyenne est de 14 cm et peut aller jusqu&#8217;\u00e0 18 cm. Il peut vivre jusqu&#8217;\u00e0 10 ans si de bonnes conditions de vie sont r\u00e9unies. C&#8217;est un carnivore vivant en couple ou en groupe, il est territorial et vie le jour. Il \u00e9voluera dans un PH assez acide pour une temp\u00e9rature assez \u00e9lev\u00e9. De grosses racines constitueront son habitat de pr\u00e9dilection. il est le poisson roi de l&#8217;aquarium d&#8217;eau douce, il est l&#8217;un des cichlid\u00e9s les plus connus au m\u00eame titre que le scalaire.<\/p>\n","protected":false},"featured_media":5498,"comment_status":"open","ping_status":"closed","template":"","meta":[],"product_brand":[],"product_cat":[82,824],"product_tag":[1555],"class_list":{"0":"post-4550","1":"product","2":"type-product","3":"status-publish","4":"has-post-thumbnail","6":"product_cat-poissons-invertebres","7":"product_cat-poissons-deau-douce","8":"product_tag-new","9":"pa_continent-amerique-du-sud","10":"pa_gh-1-5-3","11":"pa_ph-5-0-6-5-2","12":"pa_taillemaximale-20cm","13":"pa_volumeminimum-300l","15":"first","16":"instock","17":"taxable","18":"shipping-taxable","19":"purchasable","20":"product-type-simple"},"acf":[],"_links":{"self":[{"href":"https:\/\/com-pac.ovh\/preprod2\/wp-json\/wp\/v2\/product\/4550","targetHints":{"allow":["GET"]}}],"collection":[{"href":"https:\/\/com-pac.ovh\/preprod2\/wp-json\/wp\/v2\/product"}],"about":[{"href":"https:\/\/com-pac.ovh\/preprod2\/wp-json\/wp\/v2\/types\/product"}],"replies":[{"embeddable":true,"href":"https:\/\/com-pac.ovh\/preprod2\/wp-json\/wp\/v2\/comments?post=4550"}],"wp:featuredmedia":[{"embeddable":true,"href":"https:\/\/com-pac.ovh\/preprod2\/wp-json\/wp\/v2\/media\/5498"}],"wp:attachment":[{"href":"https:\/\/com-pac.ovh\/preprod2\/wp-json\/wp\/v2\/media?parent=4550"}],"wp:term":[{"taxonomy":"product_brand","embeddable":true,"href":"https:\/\/com-pac.ovh\/preprod2\/wp-json\/wp\/v2\/product_brand?post=4550"},{"taxonomy":"product_cat","embeddable":true,"href":"https:\/\/com-pac.ovh\/preprod2\/wp-json\/wp\/v2\/product_cat?post=4550"},{"taxonomy":"product_tag","embeddable":true,"href":"https:\/\/com-pac.ovh\/preprod2\/wp-json\/wp\/v2\/product_tag?post=4550"}],"curies":[{"name":"wp","href":"https:\/\/api.w.org\/{rel}","templated":true}]}}