
{"id":4560,"date":"2025-05-15T13:22:57","date_gmt":"2025-05-15T11:22:57","guid":{"rendered":"https:\/\/com-pac.ovh\/preprod2\/produit\/thorichthys-meeki\/"},"modified":"2025-06-24T14:10:04","modified_gmt":"2025-06-24T12:10:04","slug":"thorichthys-meeki","status":"publish","type":"product","link":"https:\/\/com-pac.ovh\/preprod2\/produit\/thorichthys-meeki\/","title":{"rendered":"Thorichthys Meeki"},"content":{"rendered":"<p>Le thorichthys meeki ou Meeki , poisson relativement simple \u00e0 entretenir , n\u00e9cessite cependant un bac de taille correcte si l&#8217;on veut pouvoir admirer ses couleurs chatoyantes.<br \/>\nLes plantations sont en g\u00e9n\u00e9ral assez respect\u00e9es et devraient ne pas avoir trop \u00e0 souffrir du caract\u00e8re de ce poisson , il peut n\u00e9anmoins lors des p\u00e9riodes de frai d\u00e9raciner quelques plantes (d\u00e9placement du substrat). Le meeki est un cichlid\u00e9 originaire d&#8217;Am\u00e9rique centrale, en couple il occupera le fond de l&#8217;aquarium d&#8217;eau douce.<\/p>\n","protected":false},"excerpt":{"rendered":"<p>Le thorichthys meeki ou Meeki , poisson relativement simple \u00e0 entretenir , n\u00e9cessite cependant un bac de taille correcte si l&#8217;on veut pouvoir admirer ses couleurs chatoyantes. Les plantations sont en g\u00e9n\u00e9ral assez respect\u00e9es et devraient ne pas avoir trop \u00e0 souffrir du caract\u00e8re de ce poisson , il peut n\u00e9anmoins lors des p\u00e9riodes de frai d\u00e9raciner quelques plantes (d\u00e9placement du substrat). Le meeki est un cichlid\u00e9 originaire d&#8217;Am\u00e9rique centrale, en couple il occupera le fond de l&#8217;aquarium d&#8217;eau douce.<\/p>\n","protected":false},"featured_media":5485,"comment_status":"open","ping_status":"closed","template":"","meta":[],"product_brand":[],"product_cat":[82,824],"product_tag":[1555],"class_list":{"0":"post-4560","1":"product","2":"type-product","3":"status-publish","4":"has-post-thumbnail","6":"product_cat-poissons-invertebres","7":"product_cat-poissons-deau-douce","8":"product_tag-new","9":"pa_continent-amerique-centrale","10":"pa_gh-8-a-20","11":"pa_ph-7-0-8-0-2","12":"pa_taillemaximale-15cm-2","13":"pa_volumeminimum-200l","15":"first","16":"instock","17":"taxable","18":"shipping-taxable","19":"purchasable","20":"product-type-simple"},"acf":[],"_links":{"self":[{"href":"https:\/\/com-pac.ovh\/preprod2\/wp-json\/wp\/v2\/product\/4560","targetHints":{"allow":["GET"]}}],"collection":[{"href":"https:\/\/com-pac.ovh\/preprod2\/wp-json\/wp\/v2\/product"}],"about":[{"href":"https:\/\/com-pac.ovh\/preprod2\/wp-json\/wp\/v2\/types\/product"}],"replies":[{"embeddable":true,"href":"https:\/\/com-pac.ovh\/preprod2\/wp-json\/wp\/v2\/comments?post=4560"}],"wp:featuredmedia":[{"embeddable":true,"href":"https:\/\/com-pac.ovh\/preprod2\/wp-json\/wp\/v2\/media\/5485"}],"wp:attachment":[{"href":"https:\/\/com-pac.ovh\/preprod2\/wp-json\/wp\/v2\/media?parent=4560"}],"wp:term":[{"taxonomy":"product_brand","embeddable":true,"href":"https:\/\/com-pac.ovh\/preprod2\/wp-json\/wp\/v2\/product_brand?post=4560"},{"taxonomy":"product_cat","embeddable":true,"href":"https:\/\/com-pac.ovh\/preprod2\/wp-json\/wp\/v2\/product_cat?post=4560"},{"taxonomy":"product_tag","embeddable":true,"href":"https:\/\/com-pac.ovh\/preprod2\/wp-json\/wp\/v2\/product_tag?post=4560"}],"curies":[{"name":"wp","href":"https:\/\/api.w.org\/{rel}","templated":true}]}}