
{"id":4566,"date":"2025-05-15T13:22:57","date_gmt":"2025-05-15T11:22:57","guid":{"rendered":"https:\/\/com-pac.ovh\/preprod2\/produit\/trichopodus-trichopterus-cosby\/"},"modified":"2025-06-24T14:34:06","modified_gmt":"2025-06-24T12:34:06","slug":"trichopodus-trichopterus-cosby","status":"publish","type":"product","link":"https:\/\/com-pac.ovh\/preprod2\/produit\/trichopodus-trichopterus-cosby\/","title":{"rendered":"Trichopodus trichopterus Cosby"},"content":{"rendered":"<p>Le trichopodus trichopterus cosby ou gourami\u00a0Cosby de la famille des Osphronemidae est un poisson originaire d&#8217;Asie.<br \/>\nPoisson g\u00e9n\u00e9ralement Gr\u00e9gaire il a la particularit\u00e9 de se reproduire en cr\u00e9ant un nid de bulles dans l&#8217;aquarium d&#8217;eau douce.<\/p>\n","protected":false},"excerpt":{"rendered":"<p>Le trichopodus trichopterus cosby ou gourami\u00a0Cosby de la famille des Osphronemidae est un poisson originaire d&#8217;Asie. Poisson g\u00e9n\u00e9ralement Gr\u00e9gaire il a la particularit\u00e9 de se reproduire en cr\u00e9ant un nid de bulles dans l&#8217;aquarium d&#8217;eau douce.<\/p>\n","protected":false},"featured_media":5491,"comment_status":"open","ping_status":"closed","template":"","meta":[],"product_brand":[],"product_cat":[82,824],"product_tag":[1555],"class_list":{"0":"post-4566","1":"product","2":"type-product","3":"status-publish","4":"has-post-thumbnail","6":"product_cat-poissons-invertebres","7":"product_cat-poissons-deau-douce","8":"product_tag-new","9":"pa_continent-asie","10":"pa_ph-6-0-8-0-4","11":"pa_taillemaximale-15cm","12":"pa_volumeminimum-150l","14":"first","15":"outofstock","16":"taxable","17":"shipping-taxable","18":"purchasable","19":"product-type-simple"},"acf":[],"_links":{"self":[{"href":"https:\/\/com-pac.ovh\/preprod2\/wp-json\/wp\/v2\/product\/4566","targetHints":{"allow":["GET"]}}],"collection":[{"href":"https:\/\/com-pac.ovh\/preprod2\/wp-json\/wp\/v2\/product"}],"about":[{"href":"https:\/\/com-pac.ovh\/preprod2\/wp-json\/wp\/v2\/types\/product"}],"replies":[{"embeddable":true,"href":"https:\/\/com-pac.ovh\/preprod2\/wp-json\/wp\/v2\/comments?post=4566"}],"wp:featuredmedia":[{"embeddable":true,"href":"https:\/\/com-pac.ovh\/preprod2\/wp-json\/wp\/v2\/media\/5491"}],"wp:attachment":[{"href":"https:\/\/com-pac.ovh\/preprod2\/wp-json\/wp\/v2\/media?parent=4566"}],"wp:term":[{"taxonomy":"product_brand","embeddable":true,"href":"https:\/\/com-pac.ovh\/preprod2\/wp-json\/wp\/v2\/product_brand?post=4566"},{"taxonomy":"product_cat","embeddable":true,"href":"https:\/\/com-pac.ovh\/preprod2\/wp-json\/wp\/v2\/product_cat?post=4566"},{"taxonomy":"product_tag","embeddable":true,"href":"https:\/\/com-pac.ovh\/preprod2\/wp-json\/wp\/v2\/product_tag?post=4566"}],"curies":[{"name":"wp","href":"https:\/\/api.w.org\/{rel}","templated":true}]}}