
{"id":4569,"date":"2025-05-15T13:22:58","date_gmt":"2025-05-15T11:22:58","guid":{"rendered":"https:\/\/com-pac.ovh\/preprod2\/produit\/trigon-350\/"},"modified":"2025-06-03T13:56:06","modified_gmt":"2025-06-03T11:56:06","slug":"trigon-350","status":"publish","type":"product","link":"https:\/\/com-pac.ovh\/preprod2\/produit\/trigon-350\/","title":{"rendered":"Trigon 350"},"content":{"rendered":"<p>&#8211; MultiLux LED 55cm et 100cm<br \/>\nRampe LED, Haute performance.<br \/>\n&#8211; Bioflow Syst\u00e8me de filtration<br \/>\nLe syst\u00e8me de filtration JUWEL Bioflow se distingue par son volume de filtration particuli\u00e8rement \u00e9lev\u00e9.<br \/>\n&#8211; Eccoflow 500<br \/>\nLes pompes JUWEL Eccoflow sont la nouvelle g\u00e9n\u00e9ration de pompes de circulation d&#8217;eau hautement efficaces et silencieuses. Elles se distinguent par leur silence et leur faible consommation \u00e9lectrique.<br \/>\n&#8211; AquaHeat Pro 300<br \/>\nLe chauffage Juwel garantit de fa\u00e7on s\u00fbre et fiable que votre aquarium est \u00e0 la bonne temp\u00e9rature. Il existe dans les tailles\u00a0 100, 200 et 300 watts.<\/p>\n","protected":false},"excerpt":{"rendered":"<p>Ensemble complet JUWEL TRIGON 350<br \/>\nConsommation de 38.7kwh\/mois<br \/>\nPoids aquarium avec eau : 400 kg<br \/>\nPhoto non contractuelle<\/p>\n","protected":false},"featured_media":5686,"comment_status":"open","ping_status":"closed","template":"","meta":[],"product_brand":[],"product_cat":[829,84],"product_tag":[1555],"class_list":{"0":"post-4569","1":"product","2":"type-product","3":"status-publish","4":"has-post-thumbnail","6":"product_cat-aquariums","7":"product_cat-materiel-nourriture","8":"product_tag-new","9":"pa_couleur-blanc","10":"pa_couleur-boisclair","11":"pa_couleur-noir","12":"pa_hauteur-de-laquarium-en-cm-1088","13":"pa_hauteur-du-meuble-en-cm-1124","14":"pa_meuble-avec","15":"pa_meuble-sans","16":"pa_volume-de-laquarium-350-l","18":"first","19":"instock","20":"taxable","21":"shipping-taxable","22":"purchasable","23":"product-type-variable"},"acf":[],"_links":{"self":[{"href":"https:\/\/com-pac.ovh\/preprod2\/wp-json\/wp\/v2\/product\/4569","targetHints":{"allow":["GET"]}}],"collection":[{"href":"https:\/\/com-pac.ovh\/preprod2\/wp-json\/wp\/v2\/product"}],"about":[{"href":"https:\/\/com-pac.ovh\/preprod2\/wp-json\/wp\/v2\/types\/product"}],"replies":[{"embeddable":true,"href":"https:\/\/com-pac.ovh\/preprod2\/wp-json\/wp\/v2\/comments?post=4569"}],"wp:featuredmedia":[{"embeddable":true,"href":"https:\/\/com-pac.ovh\/preprod2\/wp-json\/wp\/v2\/media\/5686"}],"wp:attachment":[{"href":"https:\/\/com-pac.ovh\/preprod2\/wp-json\/wp\/v2\/media?parent=4569"}],"wp:term":[{"taxonomy":"product_brand","embeddable":true,"href":"https:\/\/com-pac.ovh\/preprod2\/wp-json\/wp\/v2\/product_brand?post=4569"},{"taxonomy":"product_cat","embeddable":true,"href":"https:\/\/com-pac.ovh\/preprod2\/wp-json\/wp\/v2\/product_cat?post=4569"},{"taxonomy":"product_tag","embeddable":true,"href":"https:\/\/com-pac.ovh\/preprod2\/wp-json\/wp\/v2\/product_tag?post=4569"}],"curies":[{"name":"wp","href":"https:\/\/api.w.org\/{rel}","templated":true}]}}