
{"id":4571,"date":"2025-05-15T13:22:58","date_gmt":"2025-05-15T11:22:58","guid":{"rendered":"https:\/\/com-pac.ovh\/preprod2\/produit\/trigonostigma-hengeli\/"},"modified":"2025-06-24T13:56:11","modified_gmt":"2025-06-24T11:56:11","slug":"trigonostigma-hengeli","status":"publish","type":"product","link":"https:\/\/com-pac.ovh\/preprod2\/produit\/trigonostigma-hengeli\/","title":{"rendered":"Trigonostigma Hengeli"},"content":{"rendered":"<p>Le trigonostigma Hengeli est un Poisson nain de la famille des Danionidae il est originaire d&#8217;Asie. Il vit en banc d&#8217;au moins dix individus. Ne d\u00e9passant pas les 3 cm \u00e0 taille adulte, qualifi\u00e9 de danio nain il est parfait pour les petits aquariums d&#8217;eau douce.<\/p>\n","protected":false},"excerpt":{"rendered":"<p>Le trigonostigma Hengeli est un Poisson nain de la famille des Danionidae il est originaire d&#8217;Asie. Il vit en banc d&#8217;au moins dix individus. Ne d\u00e9passant pas les 3 cm \u00e0 taille adulte, qualifi\u00e9 de danio nain il est parfait pour les petits aquariums d&#8217;eau douce.<\/p>\n","protected":false},"featured_media":5482,"comment_status":"open","ping_status":"closed","template":"","meta":[],"product_brand":[],"product_cat":[82,824],"product_tag":[1555],"class_list":{"0":"post-4571","1":"product","2":"type-product","3":"status-publish","4":"has-post-thumbnail","6":"product_cat-poissons-invertebres","7":"product_cat-poissons-deau-douce","8":"product_tag-new","9":"pa_ph-5-5-7-0-3","10":"pa_taillemaximale-4cm-2","12":"first","13":"instock","14":"taxable","15":"shipping-taxable","16":"purchasable","17":"product-type-simple"},"acf":[],"_links":{"self":[{"href":"https:\/\/com-pac.ovh\/preprod2\/wp-json\/wp\/v2\/product\/4571","targetHints":{"allow":["GET"]}}],"collection":[{"href":"https:\/\/com-pac.ovh\/preprod2\/wp-json\/wp\/v2\/product"}],"about":[{"href":"https:\/\/com-pac.ovh\/preprod2\/wp-json\/wp\/v2\/types\/product"}],"replies":[{"embeddable":true,"href":"https:\/\/com-pac.ovh\/preprod2\/wp-json\/wp\/v2\/comments?post=4571"}],"wp:featuredmedia":[{"embeddable":true,"href":"https:\/\/com-pac.ovh\/preprod2\/wp-json\/wp\/v2\/media\/5482"}],"wp:attachment":[{"href":"https:\/\/com-pac.ovh\/preprod2\/wp-json\/wp\/v2\/media?parent=4571"}],"wp:term":[{"taxonomy":"product_brand","embeddable":true,"href":"https:\/\/com-pac.ovh\/preprod2\/wp-json\/wp\/v2\/product_brand?post=4571"},{"taxonomy":"product_cat","embeddable":true,"href":"https:\/\/com-pac.ovh\/preprod2\/wp-json\/wp\/v2\/product_cat?post=4571"},{"taxonomy":"product_tag","embeddable":true,"href":"https:\/\/com-pac.ovh\/preprod2\/wp-json\/wp\/v2\/product_tag?post=4571"}],"curies":[{"name":"wp","href":"https:\/\/api.w.org\/{rel}","templated":true}]}}