
{"id":4574,"date":"2025-05-15T13:22:58","date_gmt":"2025-05-15T11:22:58","guid":{"rendered":"https:\/\/com-pac.ovh\/preprod2\/produit\/tyttocharax-cochui\/"},"modified":"2025-06-24T14:02:25","modified_gmt":"2025-06-24T12:02:25","slug":"tyttocharax-cochui","status":"publish","type":"product","link":"https:\/\/com-pac.ovh\/preprod2\/produit\/tyttocharax-cochui\/","title":{"rendered":"Tyttocharax Cochui"},"content":{"rendered":"<p>Le Tyttocharax Cochui plus commun\u00e9ment appel\u00e9 Tetra bleu est un petit poisson de banc originaire d&#8217;Am\u00e9rique du Sud. Il convient de maintenir une population de huit individus au minimum dans un aquarium d&#8217;eau douce afin d&#8217;\u00e9viter tout stress vecteur de maladies chez nos petits prot\u00e9g\u00e9s.<br \/>\nPeu agressif, il peut agr\u00e9menter un bac communautaire, de petite taille il faudra veiller \u00e0 ne pas le m\u00e9langer avec beaucoup plus gros que lui.<br \/>\nPetit t\u00e9tra bleu venant d&#8217;Am\u00e9rique du sud il est parfait pour les petits volumes.<\/p>\n","protected":false},"excerpt":{"rendered":"<p>Le Tyttocharax Cochui plus commun\u00e9ment appel\u00e9 Tetra bleu est un petit poisson de banc originaire d&#8217;Am\u00e9rique du Sud. Il convient de maintenir une population de huit individus au minimum dans un aquarium d&#8217;eau douce afin d&#8217;\u00e9viter tout stress vecteur de maladies chez nos petits prot\u00e9g\u00e9s. Peu agressif, il peut agr\u00e9menter un bac communautaire, de petite taille il faudra veiller \u00e0 ne pas le m\u00e9langer avec beaucoup plus gros que lui. Petit t\u00e9tra bleu venant d&#8217;Am\u00e9rique du sud il est parfait pour les petits volumes.<\/p>\n","protected":false},"featured_media":5483,"comment_status":"open","ping_status":"closed","template":"","meta":[],"product_brand":[],"product_cat":[82,824],"product_tag":[1555],"class_list":{"0":"post-4574","1":"product","2":"type-product","3":"status-publish","4":"has-post-thumbnail","6":"product_cat-poissons-invertebres","7":"product_cat-poissons-deau-douce","8":"product_tag-new","9":"pa_continent-amerique-du-sud","10":"pa_ph-5-5-7-0-3","11":"pa_taillemaximale-2cm-2","12":"pa_volumeminimum-20-litres","14":"first","15":"instock","16":"taxable","17":"shipping-taxable","18":"purchasable","19":"product-type-simple"},"acf":[],"_links":{"self":[{"href":"https:\/\/com-pac.ovh\/preprod2\/wp-json\/wp\/v2\/product\/4574","targetHints":{"allow":["GET"]}}],"collection":[{"href":"https:\/\/com-pac.ovh\/preprod2\/wp-json\/wp\/v2\/product"}],"about":[{"href":"https:\/\/com-pac.ovh\/preprod2\/wp-json\/wp\/v2\/types\/product"}],"replies":[{"embeddable":true,"href":"https:\/\/com-pac.ovh\/preprod2\/wp-json\/wp\/v2\/comments?post=4574"}],"wp:featuredmedia":[{"embeddable":true,"href":"https:\/\/com-pac.ovh\/preprod2\/wp-json\/wp\/v2\/media\/5483"}],"wp:attachment":[{"href":"https:\/\/com-pac.ovh\/preprod2\/wp-json\/wp\/v2\/media?parent=4574"}],"wp:term":[{"taxonomy":"product_brand","embeddable":true,"href":"https:\/\/com-pac.ovh\/preprod2\/wp-json\/wp\/v2\/product_brand?post=4574"},{"taxonomy":"product_cat","embeddable":true,"href":"https:\/\/com-pac.ovh\/preprod2\/wp-json\/wp\/v2\/product_cat?post=4574"},{"taxonomy":"product_tag","embeddable":true,"href":"https:\/\/com-pac.ovh\/preprod2\/wp-json\/wp\/v2\/product_tag?post=4574"}],"curies":[{"name":"wp","href":"https:\/\/api.w.org\/{rel}","templated":true}]}}