
{"id":4577,"date":"2025-05-15T13:22:59","date_gmt":"2025-05-15T11:22:59","guid":{"rendered":"https:\/\/com-pac.ovh\/preprod2\/produit\/vision-260\/"},"modified":"2025-06-03T12:53:03","modified_gmt":"2025-06-03T10:53:03","slug":"vision-260","status":"publish","type":"product","link":"https:\/\/com-pac.ovh\/preprod2\/produit\/vision-260\/","title":{"rendered":"Vision 260"},"content":{"rendered":"<p>&#8211; MultiLux LED 120cm<br \/>\nRampe LED, Haute performance.<br \/>\n&#8211; Bioflow Syst\u00e8me de filtration<br \/>\nLe syst\u00e8me de filtration JUWEL Bioflow se distingue par son volume de filtration particuli\u00e8rement \u00e9lev\u00e9.<br \/>\n&#8211; Eccoflow 500<br \/>\nLes pompes JUWEL Eccoflow sont la nouvelle g\u00e9n\u00e9ration de pompes de circulation d&#8217;eau hautement efficaces et silencieuses. Elles se distinguent par leur silence et leur faible consommation \u00e9lectrique.<br \/>\n&#8211; AquaHeat Pro 200<br \/>\nLe chauffage Juwel garantit de fa\u00e7on s\u00fbre et fiable que votre aquarium est \u00e0 la bonne temp\u00e9rature. Il existe dans les tailles\u00a0 100, 200 et 300 watts.<\/p>\n","protected":false},"excerpt":{"rendered":"<p>Ensemble complet JUWEL VISION 260<br \/>\nConsommation de 27.3kwh\/mois<br \/>\nPoids aquarium avec eau : 325 kg<br \/>\nPhoto non contractuelle<\/p>\n","protected":false},"featured_media":5629,"comment_status":"open","ping_status":"closed","template":"","meta":[],"product_brand":[1599],"product_cat":[829,84],"product_tag":[1555],"class_list":{"0":"post-4577","1":"product","2":"type-product","3":"status-publish","4":"has-post-thumbnail","6":"product_brand-juwel","7":"product_cat-aquariums","8":"product_cat-materiel-nourriture","9":"product_tag-new","10":"pa_couleur-blanc","11":"pa_couleur-boisclair","12":"pa_couleur-noir","13":"pa_gamme-vision","14":"pa_hauteur-de-laquarium-en-cm-1089","15":"pa_hauteur-du-meuble-en-cm-1125","16":"pa_meuble-avec","17":"pa_meuble-sans","18":"pa_volume-de-laquarium-260-l","20":"first","21":"instock","22":"taxable","23":"shipping-taxable","24":"purchasable","25":"product-type-variable"},"acf":[],"_links":{"self":[{"href":"https:\/\/com-pac.ovh\/preprod2\/wp-json\/wp\/v2\/product\/4577","targetHints":{"allow":["GET"]}}],"collection":[{"href":"https:\/\/com-pac.ovh\/preprod2\/wp-json\/wp\/v2\/product"}],"about":[{"href":"https:\/\/com-pac.ovh\/preprod2\/wp-json\/wp\/v2\/types\/product"}],"replies":[{"embeddable":true,"href":"https:\/\/com-pac.ovh\/preprod2\/wp-json\/wp\/v2\/comments?post=4577"}],"wp:featuredmedia":[{"embeddable":true,"href":"https:\/\/com-pac.ovh\/preprod2\/wp-json\/wp\/v2\/media\/5629"}],"wp:attachment":[{"href":"https:\/\/com-pac.ovh\/preprod2\/wp-json\/wp\/v2\/media?parent=4577"}],"wp:term":[{"taxonomy":"product_brand","embeddable":true,"href":"https:\/\/com-pac.ovh\/preprod2\/wp-json\/wp\/v2\/product_brand?post=4577"},{"taxonomy":"product_cat","embeddable":true,"href":"https:\/\/com-pac.ovh\/preprod2\/wp-json\/wp\/v2\/product_cat?post=4577"},{"taxonomy":"product_tag","embeddable":true,"href":"https:\/\/com-pac.ovh\/preprod2\/wp-json\/wp\/v2\/product_tag?post=4577"}],"curies":[{"name":"wp","href":"https:\/\/api.w.org\/{rel}","templated":true}]}}