{"id":3,"date":"2025-08-19T14:47:40","date_gmt":"2025-08-19T12:47:40","guid":{"rendered":"https:\/\/com-pac.ovh\/preprod3\/?page_id=3"},"modified":"2025-10-02T11:06:50","modified_gmt":"2025-10-02T09:06:50","slug":"politique-de-confidentialite","status":"publish","type":"page","link":"https:\/\/com-pac.ovh\/preprod3\/politique-de-confidentialite","title":{"rendered":"Politique de confidentialit\u00e9"},"content":{"rendered":"\t\t<div data-elementor-type=\"wp-page\" data-elementor-id=\"3\" class=\"elementor elementor-3\">\n\t\t\t\t<div class=\"elementor-element elementor-element-3d75b5d2 e-flex e-con-boxed elementor-invisible e-con e-parent\" data-id=\"3d75b5d2\" data-element_type=\"container\" data-settings=\"{&quot;background_background&quot;:&quot;classic&quot;,&quot;animation&quot;:&quot;fadeIn&quot;}\">\n\t\t\t\t\t<div class=\"e-con-inner\">\n\t\t<div class=\"elementor-element elementor-element-1c1f4073 e-flex e-con-boxed e-con e-child\" data-id=\"1c1f4073\" data-element_type=\"container\">\n\t\t\t\t\t<div class=\"e-con-inner\">\n\t\t\t\t<div class=\"elementor-element elementor-element-656899ed elementor-widget__width-initial elementor-widget-divider--view-line elementor-widget elementor-widget-divider\" data-id=\"656899ed\" data-element_type=\"widget\" data-widget_type=\"divider.default\">\n\t\t\t\t\t\t\t<div class=\"elementor-divider\">\n\t\t\t<span class=\"elementor-divider-separator\">\n\t\t\t\t\t\t<\/span>\n\t\t<\/div>\n\t\t\t\t\t\t<\/div>\n\t\t\t\t\t<\/div>\n\t\t\t\t<\/div>\n\t\t\t\t\t<\/div>\n\t\t\t\t<\/div>\n\t\t<div class=\"elementor-element elementor-element-18df2918 e-flex e-con-boxed e-con e-parent\" data-id=\"18df2918\" data-element_type=\"container\">\n\t\t\t\t\t<div class=\"e-con-inner\">\n\t\t\t\t<div class=\"elementor-element elementor-element-4ec95095 elementor-widget elementor-widget-heading\" data-id=\"4ec95095\" data-element_type=\"widget\" data-widget_type=\"heading.default\">\n\t\t\t\t\t<h2 class=\"elementor-heading-title elementor-size-default\">Responsable du traitement<\/h2>\t\t\t\t<\/div>\n\t\t\t\t<div class=\"elementor-element elementor-element-69fbbc38 elementor-widget elementor-widget-text-editor\" data-id=\"69fbbc38\" data-element_type=\"widget\" data-widget_type=\"text-editor.default\">\n\t\t\t\t\t\t\t\t\t<p data-start=\"628\" data-end=\"767\">D.J.AMO \u2013 1 avenue de Norv\u00e8ge, 91140 Villebon-sur-Yvette \u2013 France<br data-start=\"1307\" data-end=\"1310\" \/>Contact : <a class=\"decorated-link cursor-pointer\" href=\"mailto:secretariat@djamo.fr\" rel=\"noopener\" data-start=\"1320\" data-end=\"1340\">secretariat@djamo.fr<\/a><\/p>\t\t\t\t\t\t\t\t<\/div>\n\t\t\t\t<div class=\"elementor-element elementor-element-de9b7f8 elementor-widget elementor-widget-heading\" data-id=\"de9b7f8\" data-element_type=\"widget\" data-widget_type=\"heading.default\">\n\t\t\t\t\t<h2 class=\"elementor-heading-title elementor-size-default\">Donn\u00e9es collect\u00e9es<\/h2>\t\t\t\t<\/div>\n\t\t\t\t<div class=\"elementor-element elementor-element-2e18b02 elementor-widget elementor-widget-text-editor\" data-id=\"2e18b02\" data-element_type=\"widget\" data-widget_type=\"text-editor.default\">\n\t\t\t\t\t\t\t\t\t<ul data-start=\"1369\" data-end=\"1540\">\n<li data-start=\"1369\" data-end=\"1436\">\n<p data-start=\"1371\" data-end=\"1436\">Formulaire de contact : nom, pr\u00e9nom, email, t\u00e9l\u00e9phone, message.<\/p>\n<\/li>\n<li data-start=\"1437\" data-end=\"1489\">\n<p data-start=\"1439\" data-end=\"1489\">Cookies de mesure d\u2019audience (Google Analytics).<\/p>\n<\/li>\n<li data-start=\"1490\" data-end=\"1540\">\n<p data-start=\"1492\" data-end=\"1540\">Donn\u00e9es de navigation via Google Maps int\u00e9gr\u00e9.<\/p>\n<\/li>\n<\/ul>\t\t\t\t\t\t\t\t<\/div>\n\t\t\t\t<div class=\"elementor-element elementor-element-5309824 elementor-widget elementor-widget-heading\" data-id=\"5309824\" data-element_type=\"widget\" data-widget_type=\"heading.default\">\n\t\t\t\t\t<h2 class=\"elementor-heading-title elementor-size-default\">Finalit\u00e9s du traitement<\/h2>\t\t\t\t<\/div>\n\t\t\t\t<div class=\"elementor-element elementor-element-1437398 elementor-widget elementor-widget-text-editor\" data-id=\"1437398\" data-element_type=\"widget\" data-widget_type=\"text-editor.default\">\n\t\t\t\t\t\t\t\t\t<ul data-start=\"1572\" data-end=\"1732\">\n<li data-start=\"1572\" data-end=\"1626\">\n<p data-start=\"1574\" data-end=\"1626\">R\u00e9ponse aux demandes via le formulaire de contact.<\/p>\n<\/li>\n<li data-start=\"1627\" data-end=\"1682\">\n<p data-start=\"1629\" data-end=\"1682\">Analyse de la fr\u00e9quentation du site (statistiques).<\/p>\n<\/li>\n<li data-start=\"1683\" data-end=\"1732\">\n<p data-start=\"1685\" data-end=\"1732\">Affichage de cartes interactives Google Maps.<\/p>\n<\/li>\n<\/ul>\t\t\t\t\t\t\t\t<\/div>\n\t\t\t\t<div class=\"elementor-element elementor-element-c9d74e6 elementor-widget elementor-widget-heading\" data-id=\"c9d74e6\" data-element_type=\"widget\" data-widget_type=\"heading.default\">\n\t\t\t\t\t<h2 class=\"elementor-heading-title elementor-size-default\">Bases l\u00e9gales<\/h2>\t\t\t\t<\/div>\n\t\t\t\t<div class=\"elementor-element elementor-element-89baf08 elementor-widget elementor-widget-text-editor\" data-id=\"89baf08\" data-element_type=\"widget\" data-widget_type=\"text-editor.default\">\n\t\t\t\t\t\t\t\t\t<ul data-start=\"1754\" data-end=\"1848\">\n<li data-start=\"1754\" data-end=\"1803\">\n<p data-start=\"1756\" data-end=\"1803\">Consentement (Google Analytics, Google Maps).<\/p>\n<\/li>\n<li data-start=\"1804\" data-end=\"1848\">\n<p data-start=\"1806\" data-end=\"1848\">Int\u00e9r\u00eat l\u00e9gitime (r\u00e9ponse aux demandes).<\/p>\n<\/li>\n<\/ul>\t\t\t\t\t\t\t\t<\/div>\n\t\t\t\t<div class=\"elementor-element elementor-element-4feb3f3 elementor-widget elementor-widget-heading\" data-id=\"4feb3f3\" data-element_type=\"widget\" data-widget_type=\"heading.default\">\n\t\t\t\t\t<h2 class=\"elementor-heading-title elementor-size-default\">Dur\u00e9e de conservation<\/h2>\t\t\t\t<\/div>\n\t\t\t\t<div class=\"elementor-element elementor-element-67ce5d5 elementor-widget elementor-widget-text-editor\" data-id=\"67ce5d5\" data-element_type=\"widget\" data-widget_type=\"text-editor.default\">\n\t\t\t\t\t\t\t\t\t<ul data-start=\"1878\" data-end=\"1967\">\n<li data-start=\"1878\" data-end=\"1923\">\n<p data-start=\"1880\" data-end=\"1923\">Donn\u00e9es du formulaire de contact : 3 ans.<\/p>\n<\/li>\n<li data-start=\"1924\" data-end=\"1967\">\n<p data-start=\"1926\" data-end=\"1967\">Cookies Google Analytics : 13 mois max.<\/p>\n<\/li>\n<\/ul>\t\t\t\t\t\t\t\t<\/div>\n\t\t\t\t<div class=\"elementor-element elementor-element-b33d39a elementor-widget elementor-widget-heading\" data-id=\"b33d39a\" data-element_type=\"widget\" data-widget_type=\"heading.default\">\n\t\t\t\t\t<h2 class=\"elementor-heading-title elementor-size-default\">Destinataires<\/h2>\t\t\t\t<\/div>\n\t\t\t\t<div class=\"elementor-element elementor-element-e0777b3 elementor-widget elementor-widget-text-editor\" data-id=\"e0777b3\" data-element_type=\"widget\" data-widget_type=\"text-editor.default\">\n\t\t\t\t\t\t\t\t\t<ul data-start=\"1989\" data-end=\"2103\">\n<li data-start=\"1989\" data-end=\"2018\">\n<p data-start=\"1991\" data-end=\"2018\">Service interne de DJAMO.<\/p>\n<\/li>\n<li data-start=\"2019\" data-end=\"2103\">\n<p data-start=\"2021\" data-end=\"2103\">Prestataires techniques (OVH pour l\u2019h\u00e9bergement, Google pour Analytics et Maps).<\/p>\n<\/li>\n<\/ul>\t\t\t\t\t\t\t\t<\/div>\n\t\t\t\t<div class=\"elementor-element elementor-element-83644ea elementor-widget elementor-widget-heading\" data-id=\"83644ea\" data-element_type=\"widget\" data-widget_type=\"heading.default\">\n\t\t\t\t\t<h2 class=\"elementor-heading-title elementor-size-default\">Vos droits\n<\/h2>\t\t\t\t<\/div>\n\t\t\t\t<div class=\"elementor-element elementor-element-bf085e5 elementor-widget elementor-widget-text-editor\" data-id=\"bf085e5\" data-element_type=\"widget\" data-widget_type=\"text-editor.default\">\n\t\t\t\t\t\t\t\t\t<p>Conform\u00e9ment au RGPD, vous disposez des droits d\u2019acc\u00e8s, rectification, suppression, opposition, limitation et portabilit\u00e9 de vos donn\u00e9es.<br data-start=\"2259\" data-end=\"2262\" \/>Pour les exercer : \u00e9crire \u00e0 <strong data-start=\"2290\" data-end=\"2314\"><a class=\"decorated-link cursor-pointer\" href=\"mailto:secretariat@djamo.fr\" rel=\"noopener\" data-start=\"2292\" data-end=\"2312\">secretariat@djamo.fr<\/a><\/strong> ou par courrier \u00e0 l\u2019adresse du si\u00e8ge.<\/p>\t\t\t\t\t\t\t\t<\/div>\n\t\t\t\t<div class=\"elementor-element elementor-element-dee4b7e elementor-widget elementor-widget-heading\" data-id=\"dee4b7e\" data-element_type=\"widget\" data-widget_type=\"heading.default\">\n\t\t\t\t\t<h2 class=\"elementor-heading-title elementor-size-default\">Autorit\u00e9 de contr\u00f4le<\/h2>\t\t\t\t<\/div>\n\t\t\t\t<div class=\"elementor-element elementor-element-3cb2c97 elementor-widget elementor-widget-text-editor\" data-id=\"3cb2c97\" data-element_type=\"widget\" data-widget_type=\"text-editor.default\">\n\t\t\t\t\t\t\t\t\t<p>En cas de litige, vous pouvez saisir la CNIL (<a class=\"decorated-link cursor-pointer\" href=\"http:\/\/www.cnil.fr\" target=\"_blank\" rel=\"noopener\" data-start=\"2429\" data-end=\"2440\">www.cnil.fr<\/a>).<\/p>\t\t\t\t\t\t\t\t<\/div>\n\t\t\t\t\t<\/div>\n\t\t\t\t<\/div>\n\t\t\t\t<\/div>\n\t\t","protected":false},"excerpt":{"rendered":"<p>Responsable du traitement D.J.AMO \u2013 1 avenue de Norv\u00e8ge, 91140 Villebon-sur-Yvette \u2013 FranceContact : secretariat@djamo.fr Donn\u00e9es collect\u00e9es Formulaire de contact : nom, pr\u00e9nom, email, t\u00e9l\u00e9phone, message. Cookies de mesure d\u2019audience (Google Analytics). Donn\u00e9es de navigation via Google Maps int\u00e9gr\u00e9. Finalit\u00e9s du traitement R\u00e9ponse aux demandes via le formulaire de contact. Analyse de la fr\u00e9quentation du [&hellip;]<\/p>\n","protected":false},"author":1,"featured_media":0,"parent":0,"menu_order":0,"comment_status":"closed","ping_status":"closed","template":"","meta":{"footnotes":""},"class_list":["post-3","page","type-page","status-publish","hentry"],"yoast_head":"<!-- This site is optimized with the Yoast SEO plugin v27.5 - https:\/\/yoast.com\/product\/yoast-seo-wordpress\/ -->\n<title>Politique de confidentialit\u00e9 - DJAMO<\/title>\n<meta name=\"robots\" content=\"noindex, follow, max-snippet:-1, max-image-preview:large, max-video-preview:-1\" \/>\n<meta property=\"og:locale\" content=\"fr_FR\" \/>\n<meta property=\"og:type\" content=\"article\" \/>\n<meta property=\"og:title\" content=\"Politique de confidentialit\u00e9 - DJAMO\" \/>\n<meta property=\"og:description\" content=\"Responsable du traitement D.J.AMO \u2013 1 avenue de Norv\u00e8ge, 91140 Villebon-sur-Yvette \u2013 FranceContact : secretariat@djamo.fr Donn\u00e9es collect\u00e9es Formulaire de contact : nom, pr\u00e9nom, email, t\u00e9l\u00e9phone, message. Cookies de mesure d\u2019audience (Google Analytics). Donn\u00e9es de navigation via Google Maps int\u00e9gr\u00e9. Finalit\u00e9s du traitement R\u00e9ponse aux demandes via le formulaire de contact. Analyse de la fr\u00e9quentation du [&hellip;]\" \/>\n<meta property=\"og:url\" content=\"https:\/\/com-pac.ovh\/preprod3\/politique-de-confidentialite\" \/>\n<meta property=\"og:site_name\" content=\"DJAMO\" \/>\n<meta property=\"article:modified_time\" content=\"2025-10-02T09:06:50+00:00\" \/>\n<meta name=\"twitter:card\" content=\"summary_large_image\" \/>\n<meta name=\"twitter:label1\" content=\"Dur\u00e9e de lecture estim\u00e9e\" \/>\n\t<meta name=\"twitter:data1\" content=\"1 minute\" \/>\n<script type=\"application\/ld+json\" class=\"yoast-schema-graph\">{\"@context\":\"https:\\\/\\\/schema.org\",\"@graph\":[{\"@type\":\"WebPage\",\"@id\":\"https:\\\/\\\/com-pac.ovh\\\/preprod3\\\/politique-de-confidentialite\",\"url\":\"https:\\\/\\\/com-pac.ovh\\\/preprod3\\\/politique-de-confidentialite\",\"name\":\"Politique de confidentialit\u00e9 - DJAMO\",\"isPartOf\":{\"@id\":\"https:\\\/\\\/com-pac.ovh\\\/preprod3\\\/#website\"},\"datePublished\":\"2025-08-19T12:47:40+00:00\",\"dateModified\":\"2025-10-02T09:06:50+00:00\",\"breadcrumb\":{\"@id\":\"https:\\\/\\\/com-pac.ovh\\\/preprod3\\\/politique-de-confidentialite#breadcrumb\"},\"inLanguage\":\"fr-FR\",\"potentialAction\":[{\"@type\":\"ReadAction\",\"target\":[\"https:\\\/\\\/com-pac.ovh\\\/preprod3\\\/politique-de-confidentialite\"]}]},{\"@type\":\"BreadcrumbList\",\"@id\":\"https:\\\/\\\/com-pac.ovh\\\/preprod3\\\/politique-de-confidentialite#breadcrumb\",\"itemListElement\":[{\"@type\":\"ListItem\",\"position\":1,\"name\":\"Accueil\",\"item\":\"https:\\\/\\\/com-pac.ovh\\\/preprod3\\\/\"},{\"@type\":\"ListItem\",\"position\":2,\"name\":\"Politique de confidentialit\u00e9\"}]},{\"@type\":\"WebSite\",\"@id\":\"https:\\\/\\\/com-pac.ovh\\\/preprod3\\\/#website\",\"url\":\"https:\\\/\\\/com-pac.ovh\\\/preprod3\\\/\",\"name\":\"DJAMO\",\"description\":\"\",\"publisher\":{\"@id\":\"https:\\\/\\\/com-pac.ovh\\\/preprod3\\\/#organization\"},\"potentialAction\":[{\"@type\":\"SearchAction\",\"target\":{\"@type\":\"EntryPoint\",\"urlTemplate\":\"https:\\\/\\\/com-pac.ovh\\\/preprod3\\\/?s={search_term_string}\"},\"query-input\":{\"@type\":\"PropertyValueSpecification\",\"valueRequired\":true,\"valueName\":\"search_term_string\"}}],\"inLanguage\":\"fr-FR\"},{\"@type\":\"Organization\",\"@id\":\"https:\\\/\\\/com-pac.ovh\\\/preprod3\\\/#organization\",\"name\":\"DJAMO\",\"url\":\"https:\\\/\\\/com-pac.ovh\\\/preprod3\\\/\",\"logo\":{\"@type\":\"ImageObject\",\"inLanguage\":\"fr-FR\",\"@id\":\"https:\\\/\\\/com-pac.ovh\\\/preprod3\\\/#\\\/schema\\\/logo\\\/image\\\/\",\"url\":\"https:\\\/\\\/com-pac.ovh\\\/preprod3\\\/wp-content\\\/uploads\\\/2025\\\/08\\\/LOGO-DJAMO-1.png\",\"contentUrl\":\"https:\\\/\\\/com-pac.ovh\\\/preprod3\\\/wp-content\\\/uploads\\\/2025\\\/08\\\/LOGO-DJAMO-1.png\",\"width\":672,\"height\":198,\"caption\":\"DJAMO\"},\"image\":{\"@id\":\"https:\\\/\\\/com-pac.ovh\\\/preprod3\\\/#\\\/schema\\\/logo\\\/image\\\/\"},\"sameAs\":[\"https:\\\/\\\/www.linkedin.com\\\/company\\\/dj-a-m-o\"]}]}<\/script>\n<!-- \/ Yoast SEO plugin. -->","yoast_head_json":{"title":"Politique de confidentialit\u00e9 - DJAMO","robots":{"index":"noindex","follow":"follow","max-snippet":"max-snippet:-1","max-image-preview":"max-image-preview:large","max-video-preview":"max-video-preview:-1"},"og_locale":"fr_FR","og_type":"article","og_title":"Politique de confidentialit\u00e9 - DJAMO","og_description":"Responsable du traitement D.J.AMO \u2013 1 avenue de Norv\u00e8ge, 91140 Villebon-sur-Yvette \u2013 FranceContact : secretariat@djamo.fr Donn\u00e9es collect\u00e9es Formulaire de contact : nom, pr\u00e9nom, email, t\u00e9l\u00e9phone, message. Cookies de mesure d\u2019audience (Google Analytics). Donn\u00e9es de navigation via Google Maps int\u00e9gr\u00e9. Finalit\u00e9s du traitement R\u00e9ponse aux demandes via le formulaire de contact. Analyse de la fr\u00e9quentation du [&hellip;]","og_url":"https:\/\/com-pac.ovh\/preprod3\/politique-de-confidentialite","og_site_name":"DJAMO","article_modified_time":"2025-10-02T09:06:50+00:00","twitter_card":"summary_large_image","twitter_misc":{"Dur\u00e9e de lecture estim\u00e9e":"1 minute"},"schema":{"@context":"https:\/\/schema.org","@graph":[{"@type":"WebPage","@id":"https:\/\/com-pac.ovh\/preprod3\/politique-de-confidentialite","url":"https:\/\/com-pac.ovh\/preprod3\/politique-de-confidentialite","name":"Politique de confidentialit\u00e9 - DJAMO","isPartOf":{"@id":"https:\/\/com-pac.ovh\/preprod3\/#website"},"datePublished":"2025-08-19T12:47:40+00:00","dateModified":"2025-10-02T09:06:50+00:00","breadcrumb":{"@id":"https:\/\/com-pac.ovh\/preprod3\/politique-de-confidentialite#breadcrumb"},"inLanguage":"fr-FR","potentialAction":[{"@type":"ReadAction","target":["https:\/\/com-pac.ovh\/preprod3\/politique-de-confidentialite"]}]},{"@type":"BreadcrumbList","@id":"https:\/\/com-pac.ovh\/preprod3\/politique-de-confidentialite#breadcrumb","itemListElement":[{"@type":"ListItem","position":1,"name":"Accueil","item":"https:\/\/com-pac.ovh\/preprod3\/"},{"@type":"ListItem","position":2,"name":"Politique de confidentialit\u00e9"}]},{"@type":"WebSite","@id":"https:\/\/com-pac.ovh\/preprod3\/#website","url":"https:\/\/com-pac.ovh\/preprod3\/","name":"DJAMO","description":"","publisher":{"@id":"https:\/\/com-pac.ovh\/preprod3\/#organization"},"potentialAction":[{"@type":"SearchAction","target":{"@type":"EntryPoint","urlTemplate":"https:\/\/com-pac.ovh\/preprod3\/?s={search_term_string}"},"query-input":{"@type":"PropertyValueSpecification","valueRequired":true,"valueName":"search_term_string"}}],"inLanguage":"fr-FR"},{"@type":"Organization","@id":"https:\/\/com-pac.ovh\/preprod3\/#organization","name":"DJAMO","url":"https:\/\/com-pac.ovh\/preprod3\/","logo":{"@type":"ImageObject","inLanguage":"fr-FR","@id":"https:\/\/com-pac.ovh\/preprod3\/#\/schema\/logo\/image\/","url":"https:\/\/com-pac.ovh\/preprod3\/wp-content\/uploads\/2025\/08\/LOGO-DJAMO-1.png","contentUrl":"https:\/\/com-pac.ovh\/preprod3\/wp-content\/uploads\/2025\/08\/LOGO-DJAMO-1.png","width":672,"height":198,"caption":"DJAMO"},"image":{"@id":"https:\/\/com-pac.ovh\/preprod3\/#\/schema\/logo\/image\/"},"sameAs":["https:\/\/www.linkedin.com\/company\/dj-a-m-o"]}]}},"_links":{"self":[{"href":"https:\/\/com-pac.ovh\/preprod3\/wp-json\/wp\/v2\/pages\/3","targetHints":{"allow":["GET"]}}],"collection":[{"href":"https:\/\/com-pac.ovh\/preprod3\/wp-json\/wp\/v2\/pages"}],"about":[{"href":"https:\/\/com-pac.ovh\/preprod3\/wp-json\/wp\/v2\/types\/page"}],"author":[{"embeddable":true,"href":"https:\/\/com-pac.ovh\/preprod3\/wp-json\/wp\/v2\/users\/1"}],"replies":[{"embeddable":true,"href":"https:\/\/com-pac.ovh\/preprod3\/wp-json\/wp\/v2\/comments?post=3"}],"version-history":[{"count":12,"href":"https:\/\/com-pac.ovh\/preprod3\/wp-json\/wp\/v2\/pages\/3\/revisions"}],"predecessor-version":[{"id":2845,"href":"https:\/\/com-pac.ovh\/preprod3\/wp-json\/wp\/v2\/pages\/3\/revisions\/2845"}],"wp:attachment":[{"href":"https:\/\/com-pac.ovh\/preprod3\/wp-json\/wp\/v2\/media?parent=3"}],"curies":[{"name":"wp","href":"https:\/\/api.w.org\/{rel}","templated":true}]}}